{"id":557,"date":"2019-04-01T09:46:08","date_gmt":"2019-04-01T09:46:08","guid":{"rendered":"http:\/\/suntextil.de\/?page_id=557"},"modified":"2019-04-01T09:49:08","modified_gmt":"2019-04-01T09:49:08","slug":"rund-ums-fenster","status":"publish","type":"page","link":"https:\/\/suntextil.de\/index.php\/rund-ums-fenster\/","title":{"rendered":"Rund ums Fenster"},"content":{"rendered":"\n<p><\/p>\n\n\n\n<h2 class=\"wp-block-heading\"><strong>Rund ums Fenster und T\u00fcr<\/strong><\/h2>\n\n\n\n<div style=\"height:50px\" aria-hidden=\"true\" class=\"wp-block-spacer\"><\/div>\n\n\n\n<h3 class=\"wp-block-heading\"><strong>Fensterwartung<\/strong><\/h3>\n\n\n\n<ul><li> Feineinstellung aller Fensterfl\u00fcgel<\/li><li>Pflege von Verriegelungsteilen und Dichtungen (Defekte und\/oder harte Dichtungen f\u00fchren zu W\u00e4rmeverlust und somit zu erh\u00f6hten Heizkosten!)<\/li><li>Fetten der Fensterbeschl\u00e4ge<\/li><li>Kontrolle der Fugenabdichtung<\/li><li>Nachziehen der Griffoliven<\/li><li> wenn n\u00f6tig: Austausch von Verriegelungsteilen, Anbauteilen wie Fenstergriffe, Dichtungen bis hin zur Glasscheibe<\/li><li>Ausbau der Sicherheitsfunktion<\/li><li>Einstellungsarbeiten bei Schwerg\u00e4ngigkeit und Klemmen (schwerg\u00e4ngige Beschl\u00e4ge f\u00fchren infolge verst\u00e4rkter Abnutzung zu Funktionsst\u00f6rungen oder gar zum Bruch) <\/li><li>Neuverklotzung von Scheiben <\/li><\/ul>\n\n\n\n<h3 class=\"wp-block-heading\"><strong> Wanddesign \/ hochwertige Wandgestaltung <\/strong><\/h3>\n\n\n\n<ul><li>Sandsteingewebe<\/li><li>Rostdesign<\/li><li>Imitationsbeton<\/li><li>Spachteltechniken <\/li><\/ul>\n\n\n\n<h3 class=\"wp-block-heading\"><strong> Steuerungen \/ Somfy und WMS<\/strong> <\/h3>\n\n\n\n<ul><li> Motorensteuerung inkl. Funktechnologie<\/li><li>Smart Home, intelligente Haussteuerungen<\/li><li>Alarmanlagen mit Innen und Au\u00dfenkamera<\/li><li>T\u00fcrsprechanlagen<\/li><li>elektrische T\u00fcrschl\u00f6sser <\/li><\/ul>\n","protected":false},"excerpt":{"rendered":"<p>Rund ums Fenster und T\u00fcr Fensterwartung Feineinstellung aller Fensterfl\u00fcgel Pflege von Verriegelungsteilen und Dichtungen (Defekte und\/oder harte Dichtungen f\u00fchren zu W\u00e4rmeverlust und somit zu erh\u00f6hten Heizkosten!) Fetten der Fensterbeschl\u00e4ge Kontrolle der Fugenabdichtung Nachziehen der Griffoliven wenn n\u00f6tig: Austausch von Verriegelungsteilen, Anbauteilen wie Fenstergriffe, Dichtungen bis hin zur Glasscheibe Ausbau der Sicherheitsfunktion Einstellungsarbeiten bei Schwerg\u00e4ngigkeit und [&hellip;]<\/p>\n","protected":false},"author":2,"featured_media":0,"parent":0,"menu_order":0,"comment_status":"closed","ping_status":"closed","template":"","meta":{"footnotes":""},"_links":{"self":[{"href":"https:\/\/suntextil.de\/index.php\/wp-json\/wp\/v2\/pages\/557"}],"collection":[{"href":"https:\/\/suntextil.de\/index.php\/wp-json\/wp\/v2\/pages"}],"about":[{"href":"https:\/\/suntextil.de\/index.php\/wp-json\/wp\/v2\/types\/page"}],"author":[{"embeddable":true,"href":"https:\/\/suntextil.de\/index.php\/wp-json\/wp\/v2\/users\/2"}],"replies":[{"embeddable":true,"href":"https:\/\/suntextil.de\/index.php\/wp-json\/wp\/v2\/comments?post=557"}],"version-history":[{"count":4,"href":"https:\/\/suntextil.de\/index.php\/wp-json\/wp\/v2\/pages\/557\/revisions"}],"predecessor-version":[{"id":561,"href":"https:\/\/suntextil.de\/index.php\/wp-json\/wp\/v2\/pages\/557\/revisions\/561"}],"wp:attachment":[{"href":"https:\/\/suntextil.de\/index.php\/wp-json\/wp\/v2\/media?parent=557"}],"curies":[{"name":"wp","href":"https:\/\/api.w.org\/{rel}","templated":true}]}}